{"id":511,"date":"2025-05-01T15:48:29","date_gmt":"2025-05-01T12:48:29","guid":{"rendered":"https:\/\/llamalifestyle.shop\/?page_id=511"},"modified":"2025-05-07T11:25:44","modified_gmt":"2025-05-07T08:25:44","slug":"locations","status":"publish","type":"page","link":"https:\/\/llamalifestyle.shop\/et\/locations\/","title":{"rendered":"Asukohad"},"content":{"rendered":"<div class=\"bde-globalblock-511-100 bde-globalblock\"><section class=\"bde-section-436-100-436-1 bde-section bde-section-436-100\">\n              \n  \n  \n\t\n  <div class=\"breakdance-swiper-wrapper section-background-slideshow\">\n    <div class=\"swiper\">\n      <!-- Additional required wrapper -->\n      <div class=\"swiper-wrapper\">\n        <!-- Slides -->\n                  <div class=\"swiper-slide\">\n            <div class=\"swiper-slide-item\" style=\"background-image: url(https:\/\/llamalifestyle.shop\/wp-content\/uploads\/2025\/04\/LLAMA_SEASONAL_FADE_RED-scaled.jpeg);\"><\/div>\n          <\/div>\n                  <div class=\"swiper-slide\">\n            <div class=\"swiper-slide-item\" style=\"background-image: url(https:\/\/llamalifestyle.shop\/wp-content\/uploads\/2025\/04\/vision1-4.jpg);\"><\/div>\n          <\/div>\n                  <div class=\"swiper-slide\">\n            <div class=\"swiper-slide-item\" style=\"background-image: url(https:\/\/llamalifestyle.shop\/wp-content\/uploads\/2025\/04\/image00009-scaled-1.jpeg);\"><\/div>\n          <\/div>\n                  <div class=\"swiper-slide\">\n            <div class=\"swiper-slide-item\" style=\"background-image: url(https:\/\/llamalifestyle.shop\/wp-content\/uploads\/2025\/04\/vision1-1.jpg);\"><\/div>\n          <\/div>\n              <\/div>\n    <\/div>\n  <\/div>\n\n  <div class=\"section-background-overlay\"><\/div>\n\n\n        <div class=\"section-shape-divider-wrapper section-shape-divider-wrapper--1\">\n          <span class=\"section-shape-divider\">\n                      <svg\n                xmlns=\"http:\/\/www.w3.org\/2000\/svg\"\n                viewbox=\"0 0 1440 320\"\n                preserveaspectratio=\"none\"\n            >\n              <svg xmlns=\"http:\/\/www.w3.org\/2000\/svg\" preserveaspectratio=\"none\" fill=\"currentColor\" fill-rule=\"evenodd\" viewbox=\"0 0 1000 320\"><path d=\"M1000 304L551.951 31.586c-31.916-19.404-71.986-19.404-103.902 0L0 304v16h1000v-16z\"\/><\/svg>\n            <\/svg>\n                    <\/span>\n      <\/div>\n  <div class=\"section-container\"><h1 class=\"bde-heading-436-101-436-1 bde-heading bde-heading-436-101\">Asukohad<\/h1><div class=\"bde-breadcrumbs-436-102-436-1 bde-breadcrumbs bde-breadcrumbs-436-102\"><nav aria-label=\"leivapuru\" class=\"rank-math-breadcrumb\"><p><span class=\"last\">Kodu<\/span><\/p><\/nav><\/div><\/div>\n<\/section><\/div><section class=\"bde-section-511-101 bde-section\">\n  \n  \n\t\n\n\n\n<div class=\"section-container\"><h1 class=\"bde-heading-511-103 bde-heading\">\nAsukohad\n<\/h1><div class=\"bde-text-511-104 bde-text\">\nLisaks veebipoele on meie tooted saadaval ka Sportlandi ja Rademari jaem\u00fc\u00fcgikohtades Eestis, L\u00e4tis ja Leedus. K\u00f5ik kauplused ja nende aadressid leiad kaardilt. Roosade ostukottidega t\u00e4histatud kauplused on Sportlandi kauplused, rohelise kotiga t\u00e4histatud kauplused on Rademari kauplused.\n<\/div><div class=\"bde-code-block-511-102 bde-code-block\">\n\n  <iframe loading=\"lazy\" src=\"https:\/\/www.google.com\/maps\/d\/embed?mid=1m7DasEQAyNWTZ1xZWkURj2AzTrwgo6s&ehbc=2E312F&noprof=1\" width=\"100%\" height=\"480\"><\/iframe>\n\n\n<\/div><\/div>\n<\/section>","protected":false},"excerpt":{"rendered":"<p>LocationsHome Locations In addition to our online store, our products are also available at Sportland and Rademar retail locations across Estonia, Latvia, and Lithuania. You can find all the stores and their addresses on the map. Stores marked with pink shopping bags are Sportland locations, while those marked with green bags are Rademar stores.<\/p>","protected":false},"author":2,"featured_media":0,"parent":0,"menu_order":0,"comment_status":"closed","ping_status":"closed","template":"","meta":{"_breakdance_hide_in_design_set":false,"_breakdance_tags":"","footnotes":""},"class_list":["post-511","page","type-page","status-publish","hentry"],"_links":{"self":[{"href":"https:\/\/llamalifestyle.shop\/et\/wp-json\/wp\/v2\/pages\/511","targetHints":{"allow":["GET"]}}],"collection":[{"href":"https:\/\/llamalifestyle.shop\/et\/wp-json\/wp\/v2\/pages"}],"about":[{"href":"https:\/\/llamalifestyle.shop\/et\/wp-json\/wp\/v2\/types\/page"}],"author":[{"embeddable":true,"href":"https:\/\/llamalifestyle.shop\/et\/wp-json\/wp\/v2\/users\/2"}],"replies":[{"embeddable":true,"href":"https:\/\/llamalifestyle.shop\/et\/wp-json\/wp\/v2\/comments?post=511"}],"version-history":[{"count":8,"href":"https:\/\/llamalifestyle.shop\/et\/wp-json\/wp\/v2\/pages\/511\/revisions"}],"predecessor-version":[{"id":548,"href":"https:\/\/llamalifestyle.shop\/et\/wp-json\/wp\/v2\/pages\/511\/revisions\/548"}],"wp:attachment":[{"href":"https:\/\/llamalifestyle.shop\/et\/wp-json\/wp\/v2\/media?parent=511"}],"curies":[{"name":"wp","href":"https:\/\/api.w.org\/{rel}","templated":true}]}}